{"id":23968,"date":"2024-08-01T13:06:29","date_gmt":"2024-08-01T13:06:29","guid":{"rendered":"https:\/\/vestergaarden.com\/?page_id=23968"},"modified":"2024-08-01T13:06:29","modified_gmt":"2024-08-01T13:06:29","slug":"cookie-politik","status":"publish","type":"page","link":"https:\/\/vestergaarden.com\/en\/cookie-politik\/","title":{"rendered":"Cookie policy"},"content":{"rendered":"<p>[et_pb_section fb_built=&#8221;1&#8243; theme_builder_area=&#8221;post_content&#8221; _builder_version=&#8221;4.27.0&#8243; _module_preset=&#8221;default&#8221; da_is_popup=&#8221;off&#8221; da_exit_intent=&#8221;off&#8221; da_has_close=&#8221;on&#8221; da_alt_close=&#8221;off&#8221; da_dark_close=&#8221;off&#8221; da_not_modal=&#8221;on&#8221; da_is_singular=&#8221;off&#8221; da_with_loader=&#8221;off&#8221; da_has_shadow=&#8221;on&#8221; da_disable_devices=&#8221;off|off|off&#8221;][et_pb_row _builder_version=&#8221;4.27.0&#8243; _module_preset=&#8221;default&#8221; theme_builder_area=&#8221;post_content&#8221;][et_pb_column _builder_version=&#8221;4.27.0&#8243; _module_preset=&#8221;default&#8221; type=&#8221;4_4&#8243; theme_builder_area=&#8221;post_content&#8221;][et_pb_text _builder_version=&#8221;4.27.0&#8243; _module_preset=&#8221;default&#8221; theme_builder_area=&#8221;post_content&#8221; hover_enabled=&#8221;0&#8243; sticky_enabled=&#8221;0&#8243;]<\/p>\n<h1>Fortrolighedspolitik<\/h1>\n<p>Ikrafttr\u00e6delsesdato: 2024-05-03<\/p>\n<p>Opdateret den: 2024-08-01<\/p>\n<p>\n  Fortrolighedspolitikken forklarer Vestergaarden B&#038;B s politikker vedr\u00f8rende indsamling og brug af de<br \/>\noplysninger vi indsamler, n\u00e5r du har adgang til https:\/\/vestergaarden.com\/ (&#8220;Tjenesten&#8221;) Fortrolighedspolitikken beskriver dine<br \/>\nfortrolighedsrettigheder, og hvoran du er beskyttet i henhold til privatlivsbeskyttelseslovene.<\/p>\n<p>\n  Ved at benytte vores Tjeneste samtykker du til indsamlingen og brugen af oplysningerne i<br \/>\noverensstemmelse med denne Fortrolighedspolitik. Benyt venligst ikke vores Tjeneste, hvis du ikke samtykker til<br \/>\nindsamlingen og brugen af oplysningerne, som beskrevet i denne Fortrolighedspolitik. Denne Fortrolighedspolitik er<br \/>\nblevet oprettet ved hj\u00e6lp af <a target=\"_blank\" href=\"https:\/\/cookie-script.com\/privacy-policy-generator\" rel=\"noopener\">Cookiescript Privacy Policy Generator<\/a>.<\/p>\n<p>Vestergaarden B&#038;B har tilladelse til at modificere denne Fortrolighedspolitik til enhver tid. Dette kan ske uden forudg\u00e5ende varsel.<\/p>\n<p>\n  Vestergaarden B&#038;B vil l\u00e6gge den reviderede Fortrolighedspolitik op p\u00e5 https:\/\/vestergaarden.com\/-webstedet.<\/p>\n<h3>Indsamling og brug af dine personlige oplysninger<\/h3>\n<h4>Oplysninger, vi indsamler<\/h4>\n<p>\n      N\u00e5r du benytter vores Tjeneste, bliver du bedt om at give os personlige oplysninger, der bruges til at kontakte eller identificere dig. https:\/\/vestergaarden.com\/ indsamler de f\u00f8lgende oplysninger:    <\/p>\n<ul>\n<li>Brugsdata<\/li>\n<li>Navn<\/li>\n<li>E-mail<\/li>\n<li>Mobilnummer<\/li>\n<\/ul>\n<p>Brugsdata omfatter f\u00f8lgende:<\/p>\n<ul>\n<li>Internetprotokoladresse (IP) p\u00e5 computere, der har adgang til siden<\/li>\n<li>Hjemmesideanmodninger<\/li>\n<li>Henvisende websider<\/li>\n<li>Browseren, der benyttes til at f\u00e5 adgang til webstedet<\/li>\n<li>Tidspunkt og dato for adgang<\/li>\n<\/ul>\n<h4>S\u00e5dan indsamler vi oplysninger<\/h4>\n<p>\n      https:\/\/vestergaarden.com\/ indsamler og modtager oplysninger fra dig p\u00e5 f\u00f8lgende m\u00e5de:    <\/p>\n<ul>\n<li>N\u00e5r du udfylder en registreringsformular eller p\u00e5 anden m\u00e5de indsender dine personlige oplysninger.<\/li>\n<li>N\u00e5r du interagerer med vores Tjeneste.<\/li>\n<\/ul>\n<p>\n      Dine oplysninger bliver gemt i op til 791 dag(e), efter<br \/>\ndu har lukket din konto. Dine oplysninger kan opbevares i l\u00e6ngere perioder med henblik p\u00e5 rapportering eller<br \/>\nregisterf\u00f8ring i overensstemmelse med den g\u00e6ldende lovgivning. Oplysninger, der ikke identificerer dig personligt, kan<br \/>\nopbevares p\u00e5 ubestemt tid.    <\/p>\n<h4>S\u00e5dan bruger vi dine oplysninger<\/h4>\n<p>\n          https:\/\/vestergaarden.com\/ kan bruge dine oplysninger til f\u00f8lgende form\u00e5l:        <\/p>\n<ul>\n<li><b>Levere og vedligeholde vores Tjeneste<\/b> samt monitorere brugen af vores Tjeneste.<\/li>\n<li><b>Til andre form\u00e5l.<\/b> Vestergaarden B&#038;B bruger dine oplysninger til dataanalyse for at identificere brugstendenser eller bed\u00f8mme effektiviteten af vores markedsf\u00f8ringskampagner, n\u00e5r det er rimeligt. Vi bruger dine oplysninger til at evaluere og forbedre vores Tjeneste, produkter, tjenester og markedsf\u00f8ringsindsatser.<\/li>\n<li><b>Til at kontakte dig.<\/b> Vestergaarden B&#038;B kontakter dig via e-mail, telefon, SMS eller andre former for elektronisk kommunikation relateret til funktionerne, produkterne, tjenesterne eller sikkerhedsopdateringerne, n\u00e5r det er n\u00f8dvendigt eller rimeligt.<\/li>\n<li><b>Til at opdatere dig<\/b> med nyheder, generelle oplysninger, s\u00e6rlige tilbud, nye tjenester og begivenheder.<\/li>\n<li><b>M\u00e5lrettet annoncering.<\/b> Dine Personlige data vil blive brugt til at forbedre annonceringsindsatser, der er relevante for dine specifikke interesser.<\/li>\n<\/ul>\n<h4>S\u00e5dan deler vi dine oplysninger<\/h4>\n<p>\n          Vestergaarden B&#038;B vil dele dine oplysninger, n\u00e5r det er relevant, i de f\u00f8lgende situationer:        <\/p>\n<ul>\n<li><b>Med dit samtykke.<\/b> Vestergaarden B&#038;B vil dele dine oplysninger til enhver type form\u00e5l med dit udtrykkelige samtykke.<\/li>\n<\/ul>\n<h4>Tredjepartsdeling<\/h4>\n<p>\n          Enhver tredjepart, som vi deler dine oplysninger med, skal oplyse, til hvilket form\u00e5l de har til hensigt at bruge dine oplysninger. De skal kun opbevare dine oplysninger i den periode, som der oplyses, n\u00e5r der anmodes om de p\u00e5g\u00e6ldende oplysninger. Tredjepartstjenesteudbyderen skal ikke yderligere indsamle, s\u00e6lge eller bruge dine personlige oplysninger, undtagen som n\u00f8dvendigt for at udf\u00f8re det specificerede form\u00e5l.        <\/p>\n<p>Dine oplysninger kan deles med en tredjepart af grunde, der omfatter:<\/p>\n<ul>\n<li><b>Analyseoplysninger.<\/b> Dine oplysninger kan blive delt med onlineanalysev\u00e6rkt\u00f8jer for at spore og analysere webstedstraffik.<\/li>\n<\/ul>\n<p>\n          Hvis du v\u00e6lger at levere s\u00e5danne oplysninger under registrering eller i andre forbindelser, giver du Vestergaarden B&#038;B tilladelse til at bruge, dele og opbevare de oplysninger p\u00e5 en m\u00e5de, der stemmer overens med denne Fortrolighedspolitik.        <\/p>\n<p>Dine oplysninger kan deles af yderligere grunde, herunder:<\/p>\n<ul>\n<li>Overholdelse af g\u00e6ldende love, bestemmelser eller domstolsordrer. <\/li>\n<li>Besvarelse p\u00e5 p\u00e5stande om, at din brug af vores Tjeneste overtr\u00e6der tredjeparters rettigheder.<\/li>\n<li>H\u00e5ndh\u00e6ve aftaler, du indg\u00e5r med os, herunder Fortrolighedspolitikken.<\/li>\n<\/ul>\n<h4>Cookies<\/h4>\n<p>\n        Cookies er sm\u00e5 tekstfiler, der placeres p\u00e5 din computer af websteder, du bes\u00f8ger. Websteder bruger cookies for at hj\u00e6lpe brugere med at navigere effektivt ud udf\u00f8re s\u00e6rlige funktioner. Cookies, der er n\u00f8dvendige for, at webstedet fungerer korrekt, m\u00e5 placeres uden din tilladelse. Alle andre cookies skal godkendes, f\u00f8r de kan blive placeret i browseren.    <\/p>\n<ul>\n<li><b>Absolut n\u00f8dvendige cookies.<\/b> Absolut n\u00f8dvendige cookies muligg\u00f8r hjemmesidens grundl\u00e6ggende funktionalitet s\u00e5som brugerlogin og kontoadministration. Hjemmesiden kan ikke bruges korrekt uden de absolut n\u00f8dvendige cookies.<\/li>\n<li><b>Ydeevnecookies.<\/b> Ydeevnecookies bruges til at se, hvordan bes\u00f8gende bruger hjemmesiden, f.eks. analytiske cookies. Disse cookies kan ikke bruges til direkte identifikation af specifikke bes\u00f8gende.<\/li>\n<li><b>M\u00e5lretningscookies.<\/b> M\u00e5lretningscookies bruges til at identificere bes\u00f8gende mellem forskellige hjemmesider, f.eks. indholdspartnere, bannernetv\u00e6rk. Disse cookies kan bruges af virksomheder til at oprette en profil over den bes\u00f8gendes interesser eller vise relevante annoncer p\u00e5 andre hjemmesider.<\/li>\n<li><b>Funktionalitetscookies.<\/b> Funktionalitetscookies bruges til at huske oplysninger om bes\u00f8gende p\u00e5 hjemmesiden, f.eks. sprog, tidszone, udvidet indhold.<\/li>\n<\/ul>\n<div class=\"cookie-report-container\">\n<p data-cookiereport=\"true\">\n                Du kan \u00e6ndre dit samtykke til brug af cookies herunder.            <\/p>\n<p>            <script\n                type=\"text\/javascript\"\n                charset=\"UTF-8\"\n                data-cookiescriptreport=\"report\"\n                data-cs-lang=\"da\"\n                src=\"\/\/report.cookie-script.com\/r\/02301e1ad3ee389b4ebbf257439767e0.js\"\n            >\n            <\/script>\n        <\/div>\n<h4>Sikkerhed<\/h4>\n<p>\n      Sikkerheden for dine oplysninger er vigtig for us. https:\/\/vestergaarden.com\/ benytter en r\u00e6kke forskellige sikkerhedsforanstaltninger for at forhindre misbrug, tab eller modificereing af de oplysninger, du har givet os. Men da vi ikke kan garantere sikkerheden for de oplysninger, du giver os, f\u00e5r du adgang til vores tjeneste p\u00e5 eget ansvar.    <\/p>\n<p>\n      Vestergaarden B&#038;B er ikke ansvarlig for ydelsen af websteder, der drives af tredjeparter, eller dine interaktioner med dem. N\u00e5r du forlader dette websted, anbefaler vi, at du gennemser privatlivspraksisserne for andre websteder, du interagerer med, og bed\u00f8mmer tilstr\u00e6kkeligheden af disse praksisser.    <\/p>\n<h4>Kontakt os<\/h4>\n<p>Hvis du har sp\u00f8rgsm\u00e5l, bedes du kontakte os ved hj\u00e6lp af de f\u00f8lgende metoder:<\/p>\n<p>Navn: Vestergaarden B&#038;B<\/p>\n<p>Adresse: Vestervejen 47 DK 6720 Fan\u00f8<\/p>\n<p>E-mail: vestergaarden.fano@gmail.com<\/p>\n<p>Websted: https:\/\/vestergaarden.com\/<\/p>\n<p>Telefon: +45 26 84 11 47<\/p>\n<p>[\/et_pb_text][\/et_pb_column][\/et_pb_row][\/et_pb_section]<\/p>\n","protected":false},"excerpt":{"rendered":"<p>Fortrolighedspolitik Ikrafttr\u00e6delsesdato: 2024-05-03 Opdateret den: 2024-08-01 Fortrolighedspolitikken forklarer Vestergaarden B&#038;B s politikker vedr\u00f8rende indsamling og brug af de oplysninger vi indsamler, n\u00e5r du har adgang til https:\/\/vestergaarden.com\/ (&#8220;Tjenesten&#8221;) Fortrolighedspolitikken beskriver dine fortrolighedsrettigheder, og hvoran du er beskyttet i henhold til privatlivsbeskyttelseslovene. Ved at benytte vores Tjeneste samtykker du til indsamlingen og brugen af oplysningerne i overensstemmelse med denne Fortrolighedspolitik. Benyt venligst ikke vores Tjeneste, hvis du ikke samtykker til indsamlingen og brugen af oplysningerne, som beskrevet i denne Fortrolighedspolitik. Denne Fortrolighedspolitik er blevet oprettet ved hj\u00e6lp af Cookiescript Privacy Policy Generator. Vestergaarden B&#038;B har tilladelse til at modificere denne Fortrolighedspolitik til enhver tid. Dette kan ske uden forudg\u00e5ende varsel. Vestergaarden B&#038;B vil l\u00e6gge den reviderede Fortrolighedspolitik op p\u00e5 https:\/\/vestergaarden.com\/-webstedet. Indsamling og brug af dine personlige oplysninger Oplysninger, vi indsamler N\u00e5r du benytter vores Tjeneste, bliver du bedt om at give os personlige oplysninger, der bruges til at kontakte eller identificere dig. https:\/\/vestergaarden.com\/ indsamler de f\u00f8lgende oplysninger: Brugsdata Navn E-mail Mobilnummer Brugsdata omfatter f\u00f8lgende: Internetprotokoladresse (IP) p\u00e5 computere, der har adgang til siden Hjemmesideanmodninger Henvisende websider Browseren, der benyttes til at f\u00e5 adgang til webstedet Tidspunkt og dato for adgang S\u00e5dan indsamler vi oplysninger https:\/\/vestergaarden.com\/ indsamler og modtager oplysninger fra dig [&hellip;]<\/p>\n","protected":false},"author":1,"featured_media":0,"parent":0,"menu_order":0,"comment_status":"closed","ping_status":"closed","template":"","meta":{"_et_pb_use_builder":"on","_et_pb_old_content":"","_et_gb_content_width":"","footnotes":""},"class_list":["post-23968","page","type-page","status-publish","hentry"],"_links":{"self":[{"href":"https:\/\/vestergaarden.com\/en\/wp-json\/wp\/v2\/pages\/23968","targetHints":{"allow":["GET"]}}],"collection":[{"href":"https:\/\/vestergaarden.com\/en\/wp-json\/wp\/v2\/pages"}],"about":[{"href":"https:\/\/vestergaarden.com\/en\/wp-json\/wp\/v2\/types\/page"}],"author":[{"embeddable":true,"href":"https:\/\/vestergaarden.com\/en\/wp-json\/wp\/v2\/users\/1"}],"replies":[{"embeddable":true,"href":"https:\/\/vestergaarden.com\/en\/wp-json\/wp\/v2\/comments?post=23968"}],"version-history":[{"count":3,"href":"https:\/\/vestergaarden.com\/en\/wp-json\/wp\/v2\/pages\/23968\/revisions"}],"predecessor-version":[{"id":23971,"href":"https:\/\/vestergaarden.com\/en\/wp-json\/wp\/v2\/pages\/23968\/revisions\/23971"}],"wp:attachment":[{"href":"https:\/\/vestergaarden.com\/en\/wp-json\/wp\/v2\/media?parent=23968"}],"curies":[{"name":"wp","href":"https:\/\/api.w.org\/{rel}","templated":true}]}}