{"id":23780,"date":"2024-02-07T09:31:33","date_gmt":"2024-02-07T09:31:33","guid":{"rendered":"https:\/\/vestergaarden.com\/?page_id=23780"},"modified":"2026-04-17T11:30:24","modified_gmt":"2026-04-17T11:30:24","slug":"morgenmad","status":"publish","type":"page","link":"https:\/\/vestergaarden.com\/en\/morgenmad\/","title":{"rendered":"Breakfast"},"content":{"rendered":"<p>[et_pb_section fb_built=&#8221;1&#8243; _builder_version=&#8221;4.27.4&#8243; background_color=&#8221;#0A2C59&#8243; custom_padding=&#8221;110px||50px||false|false&#8221; da_disable_devices=&#8221;off|off|off&#8221; locked=&#8221;off&#8221; global_colors_info=&#8221;{}&#8221; da_is_popup=&#8221;off&#8221; da_exit_intent=&#8221;off&#8221; da_has_close=&#8221;on&#8221; da_alt_close=&#8221;off&#8221; da_dark_close=&#8221;off&#8221; da_not_modal=&#8221;on&#8221; da_is_singular=&#8221;off&#8221; da_with_loader=&#8221;off&#8221; da_has_shadow=&#8221;on&#8221;][et_pb_row use_custom_gutter=&#8221;on&#8221; gutter_width=&#8221;2&#8243; make_equal=&#8221;on&#8221; _builder_version=&#8221;4.16&#8243; width=&#8221;96%&#8221; width_tablet=&#8221;90%&#8221; width_phone=&#8221;90%&#8221; width_last_edited=&#8221;on|phone&#8221; max_width=&#8221;1300px&#8221; max_width_tablet=&#8221;90%&#8221; max_width_phone=&#8221;90%&#8221; max_width_last_edited=&#8221;on|tablet&#8221; global_colors_info=&#8221;{}&#8221;][et_pb_column type=&#8221;4_4&#8243; _builder_version=&#8221;4.16&#8243; global_colors_info=&#8221;{}&#8221;][et_pb_text _builder_version=&#8221;4.27.4&#8243; text_font=&#8221;Cinzel|500|||||||&#8221; text_text_color=&#8221;#FFFFFF&#8221; text_font_size=&#8221;50px&#8221; text_letter_spacing=&#8221;0px&#8221; text_line_height=&#8221;1em&#8221; header_2_font=&#8221;Cinzel||||||||&#8221; header_2_text_align=&#8221;center&#8221; header_2_text_color=&#8221;#ffffff&#8221; header_2_font_size=&#8221;50px&#8221; custom_margin=&#8221;8px||25px||false|false&#8221; animation_style=&#8221;none&#8221; hover_enabled=&#8221;0&#8243; header_2_font_size_tablet=&#8221;45px&#8221; header_2_font_size_phone=&#8221;22px&#8221; header_2_font_size_last_edited=&#8221;on|phone&#8221; global_colors_info=&#8221;{}&#8221; sticky_enabled=&#8221;0&#8243; header_text_color=&#8221;#FFFFFF&#8221; header_font_size=&#8221;50px&#8221;]<\/p>\n<h1 style=\"text-align: center;\">Morgenmad<\/h1>\n<p>[\/et_pb_text][et_pb_text _builder_version=&#8221;4.22.2&#8243; _module_preset=&#8221;1775bb8e-3404-4d95-8d49-944d1577bf91&#8243; text_text_color=&#8221;#f2cf8d&#8221; text_orientation=&#8221;center&#8221; animation_style=&#8221;none&#8221; global_colors_info=&#8221;{}&#8221;]<\/p>\n<p>Se vores muligheder for morgenmad<\/p>\n<p>[\/et_pb_text][\/et_pb_column][\/et_pb_row][et_pb_row column_structure=&#8221;1_3,1_3,1_3&#8243; use_custom_gutter=&#8221;on&#8221; gutter_width=&#8221;2&#8243; _builder_version=&#8221;4.27.4&#8243; _module_preset=&#8221;ef2a0631-4f17-44ad-a3a9-9450734a1326&#8243; saved_tabs=&#8221;all&#8221; locked=&#8221;off&#8221; global_colors_info=&#8221;{}&#8221;][et_pb_column type=&#8221;1_3&#8243; _builder_version=&#8221;4.27.4&#8243; _module_preset=&#8221;default&#8221; link_option_url=&#8221;#morgenmad&#8221; hover_enabled=&#8221;1&#8243; global_colors_info=&#8221;{}&#8221; transform_styles__hover_enabled=&#8221;on|hover&#8221; transform_scale__hover_enabled=&#8221;on|hover&#8221; transform_translate__hover_enabled=&#8221;on|desktop&#8221; transform_rotate__hover_enabled=&#8221;on|desktop&#8221; transform_skew__hover_enabled=&#8221;on|desktop&#8221; transform_origin__hover_enabled=&#8221;on|desktop&#8221; transform_scale__hover=&#8221;98%|98%&#8221;][et_pb_image src=&#8221;https:\/\/vestergaarden.com\/wp-content\/uploads\/2025\/10\/IMG_1041-min-scaled-e1761221490337.jpg&#8221; title_text=&#8221;IMG_1041-min&#8221; show_bottom_space=&#8221;off&#8221; _builder_version=&#8221;4.27.4&#8243; _module_preset=&#8221;default&#8221; global_colors_info=&#8221;{}&#8221;][\/et_pb_image][et_pb_text _builder_version=&#8221;4.27.4&#8243; _module_preset=&#8221;default&#8221; text_font=&#8221;Ubuntu|700|||||||&#8221; text_font_size=&#8221;12px&#8221; header_3_text_color=&#8221;#000000&#8243; background_color=&#8221;#FFFFFF&#8221; custom_margin=&#8221;0px||||false|false&#8221; custom_padding=&#8221;15px|15px|8px|15px|false|true&#8221; animation_style=&#8221;none&#8221; custom_css_free_form=&#8221;h3 {||  padding-bottom: 0;||}&#8221; global_colors_info=&#8221;{}&#8221;]<\/p>\n<h3>Kaffe, te og morgenmadsprodukter<\/h3>\n<p>SE MERE<\/p>\n<p>[\/et_pb_text][\/et_pb_column][et_pb_column type=&#8221;1_3&#8243; _builder_version=&#8221;4.27.4&#8243; _module_preset=&#8221;default&#8221; link_option_url=&#8221;#morgenmad&#8221; global_colors_info=&#8221;{}&#8221; transform_styles__hover_enabled=&#8221;on|hover&#8221; transform_scale__hover_enabled=&#8221;on|hover&#8221; transform_translate__hover_enabled=&#8221;on|hover&#8221; transform_rotate__hover_enabled=&#8221;on|hover&#8221; transform_skew__hover_enabled=&#8221;on|hover&#8221; transform_origin__hover_enabled=&#8221;on|hover&#8221; transform_scale__hover=&#8221;98%|98%&#8221;][et_pb_image src=&#8221;https:\/\/vestergaarden.com\/wp-content\/uploads\/2025\/10\/DSC_0004-min-scaled.jpg&#8221; title_text=&#8221;DSC_0004-min&#8221; show_bottom_space=&#8221;off&#8221; _builder_version=&#8221;4.27.4&#8243; _module_preset=&#8221;default&#8221; global_colors_info=&#8221;{}&#8221;][\/et_pb_image][et_pb_text _builder_version=&#8221;4.27.4&#8243; _module_preset=&#8221;default&#8221; text_font=&#8221;Ubuntu|700|||||||&#8221; text_font_size=&#8221;12px&#8221; header_3_text_color=&#8221;#000000&#8243; background_color=&#8221;#FFFFFF&#8221; custom_margin=&#8221;0px||||false|false&#8221; custom_padding=&#8221;15px|15px|8px|15px|false|true&#8221; animation_style=&#8221;none&#8221; custom_css_free_form=&#8221;h3 {||  padding-bottom: 0;||}&#8221; global_colors_info=&#8221;{}&#8221;]<\/p>\n<h3>Selvserviceret morgenmad<\/h3>\n<p>SE MERE<\/p>\n<p>[\/et_pb_text][\/et_pb_column][et_pb_column type=&#8221;1_3&#8243; _builder_version=&#8221;4.27.4&#8243; _module_preset=&#8221;default&#8221; link_option_url=&#8221;#morgenmad&#8221; global_colors_info=&#8221;{}&#8221; transform_styles__hover_enabled=&#8221;on|hover&#8221; transform_scale__hover_enabled=&#8221;on|hover&#8221; transform_translate__hover_enabled=&#8221;on|hover&#8221; transform_rotate__hover_enabled=&#8221;on|hover&#8221; transform_skew__hover_enabled=&#8221;on|hover&#8221; transform_origin__hover_enabled=&#8221;on|hover&#8221; transform_scale__hover=&#8221;98%|98%&#8221;][et_pb_image src=&#8221;https:\/\/vestergaarden.com\/wp-content\/uploads\/2025\/10\/DSC_0069-min-scaled.jpg&#8221; title_text=&#8221;DSC_0069-min&#8221; show_bottom_space=&#8221;off&#8221; _builder_version=&#8221;4.27.4&#8243; _module_preset=&#8221;default&#8221; global_colors_info=&#8221;{}&#8221;][\/et_pb_image][et_pb_text _builder_version=&#8221;4.27.4&#8243; _module_preset=&#8221;default&#8221; text_font=&#8221;Ubuntu|700|||||||&#8221; text_font_size=&#8221;12px&#8221; header_3_text_color=&#8221;#000000&#8243; background_color=&#8221;#FFFFFF&#8221; custom_margin=&#8221;0px||||false|false&#8221; custom_padding=&#8221;15px|15px|8px|15px|false|true&#8221; animation_style=&#8221;none&#8221; custom_css_free_form=&#8221;h3 {||  padding-bottom: 0;||}&#8221; global_colors_info=&#8221;{}&#8221;]<\/p>\n<h3>Serveret morgenmad<\/h3>\n<p>SE MERE<\/p>\n<p>[\/et_pb_text][\/et_pb_column][\/et_pb_row][\/et_pb_section][et_pb_section fb_built=&#8221;1&#8243; module_id=&#8221;morgenmad&#8221; _builder_version=&#8221;4.27.4&#8243; background_enable_color=&#8221;off&#8221; background_enable_image=&#8221;off&#8221; background_size=&#8221;initial&#8221; background_repeat=&#8221;repeat&#8221; custom_padding=&#8221;110px||30px||false|false&#8221; da_disable_devices=&#8221;off|off|off&#8221; locked=&#8221;off&#8221; global_colors_info=&#8221;{}&#8221; da_is_popup=&#8221;off&#8221; da_exit_intent=&#8221;off&#8221; da_has_close=&#8221;on&#8221; da_alt_close=&#8221;off&#8221; da_dark_close=&#8221;off&#8221; da_not_modal=&#8221;on&#8221; da_is_singular=&#8221;off&#8221; da_with_loader=&#8221;off&#8221; da_has_shadow=&#8221;on&#8221;][et_pb_row column_structure=&#8221;1_2,1_2&#8243; use_custom_gutter=&#8221;on&#8221; gutter_width=&#8221;2&#8243; _builder_version=&#8221;4.27.4&#8243; _module_preset=&#8221;ef2a0631-4f17-44ad-a3a9-9450734a1326&#8243; custom_margin=&#8221;|auto|45px|auto|false|false&#8221; custom_padding=&#8221;0px|||||&#8221; global_colors_info=&#8221;{}&#8221;][et_pb_column type=&#8221;1_2&#8243; _builder_version=&#8221;4.16&#8243; _module_preset=&#8221;default&#8221; animation_style=&#8221;slide&#8221; animation_direction=&#8221;left&#8221; animation_delay=&#8221;200ms&#8221; animation_intensity_slide=&#8221;25%&#8221; global_colors_info=&#8221;{}&#8221;][et_pb_text _builder_version=&#8221;4.27.4&#8243; _module_preset=&#8221;d24f97e9-dc55-4b88-974a-50c38cc11ebf&#8221; header_font=&#8221;Cinzel||||||||&#8221; header_text_color=&#8221;#000000&#8243; header_font_size=&#8221;50px&#8221; animation_style=&#8221;none&#8221; hover_enabled=&#8221;0&#8243; global_colors_info=&#8221;{}&#8221; sticky_enabled=&#8221;0&#8243;]<\/p>\n<h2 style=\"text-align: center;\">Forskellige former for morgenmad<\/h2>\n<p>[\/et_pb_text][et_pb_text _builder_version=&#8221;4.22.2&#8243; _module_preset=&#8221;1775bb8e-3404-4d95-8d49-944d1577bf91&#8243; text_text_color=&#8221;#0e2159&#8243; text_orientation=&#8221;center&#8221; animation_style=&#8221;none&#8221; global_colors_info=&#8221;{}&#8221;]<\/p>\n<p>3 forskellige l\u00f8sninger<\/p>\n<p>[\/et_pb_text][et_pb_text _builder_version=&#8221;4.22.2&#8243; _module_preset=&#8221;default&#8221; animation_style=&#8221;none&#8221; global_colors_info=&#8221;{}&#8221;]<\/p>\n<p>1. Der forefindes kaffe, te og morgenmadsprodukter til fri afbenyttelse, og resten kan enten medbringes eller k\u00f8bes p\u00e5 den anden side af vejen i Superbrugsen, der har \u00e5bent hvert dag fra 07:00 &#8211; 19:00. <br \/><strong>Er indeholdt i prisen for overnatning<\/strong><\/p>\n<p>2. Selvserveret hvor jeg stiller madvarerne i k\u00f8leskabet og man selv anretter, laver kaffe, te og rydder af og vasker op efter sig.<br \/><strong>Minimum 2 personer! 85 kr. pr. person<\/strong><\/p>\n<p>3. Serveret, p\u00e5 et aftalt tidspunkt hvor jeg laver kaffe\/te, d\u00e6kker bord, anretter, rydder af og vasker op mm.<br \/><strong>Minimum 4 personer! 125 kr. pr. person<\/strong><\/p>\n<p>[\/et_pb_text][\/et_pb_column][et_pb_column type=&#8221;1_2&#8243; _builder_version=&#8221;4.27.4&#8243; _module_preset=&#8221;default&#8221; background_image=&#8221;https:\/\/vestergaarden.com\/wp-content\/uploads\/2025\/10\/DSC_0061-min-scaled.jpg&#8221; background_size=&#8221;contain&#8221; background_position=&#8221;top_center&#8221; animation_style=&#8221;fade&#8221; global_colors_info=&#8221;{}&#8221;][et_pb_divider show_divider=&#8221;off&#8221; _builder_version=&#8221;4.27.4&#8243; _module_preset=&#8221;default&#8221; height=&#8221;250px&#8221; global_colors_info=&#8221;{}&#8221;][\/et_pb_divider][\/et_pb_column][\/et_pb_row][et_pb_row column_structure=&#8221;1_2,1_2&#8243; use_custom_gutter=&#8221;on&#8221; gutter_width=&#8221;2&#8243; _builder_version=&#8221;4.27.4&#8243; _module_preset=&#8221;ef2a0631-4f17-44ad-a3a9-9450734a1326&#8243; custom_margin=&#8221;|auto|45px|auto|false|false&#8221; custom_padding=&#8221;0px|||||&#8221; global_colors_info=&#8221;{}&#8221;][et_pb_column type=&#8221;1_2&#8243; _builder_version=&#8221;4.27.4&#8243; _module_preset=&#8221;default&#8221; background_image=&#8221;https:\/\/vestergaarden.com\/wp-content\/uploads\/2025\/10\/DSC_0070-min-scaled.jpg&#8221; animation_style=&#8221;fade&#8221; global_colors_info=&#8221;{}&#8221;][et_pb_divider show_divider=&#8221;off&#8221; _builder_version=&#8221;4.27.4&#8243; _module_preset=&#8221;default&#8221; min_height=&#8221;250px&#8221; global_colors_info=&#8221;{}&#8221;][\/et_pb_divider][\/et_pb_column][et_pb_column type=&#8221;1_2&#8243; _builder_version=&#8221;4.16&#8243; _module_preset=&#8221;default&#8221; animation_style=&#8221;slide&#8221; animation_direction=&#8221;left&#8221; animation_delay=&#8221;200ms&#8221; animation_intensity_slide=&#8221;25%&#8221; global_colors_info=&#8221;{}&#8221;][et_pb_text _builder_version=&#8221;4.22.2&#8243; _module_preset=&#8221;d24f97e9-dc55-4b88-974a-50c38cc11ebf&#8221; animation_style=&#8221;none&#8221; hover_enabled=&#8221;0&#8243; global_colors_info=&#8221;{}&#8221; sticky_enabled=&#8221;0&#8243;]<\/p>\n<h2>Morgenmad p\u00e5 Vestergaarden<\/h2>\n<p>[\/et_pb_text][et_pb_text _builder_version=&#8221;4.22.2&#8243; _module_preset=&#8221;1775bb8e-3404-4d95-8d49-944d1577bf91&#8243; text_text_color=&#8221;#0e2159&#8243; text_orientation=&#8221;center&#8221; animation_style=&#8221;none&#8221; global_colors_info=&#8221;{}&#8221;]<\/p>\n<p>Bed &amp; Breakfast<\/p>\n<p>[\/et_pb_text][et_pb_text _builder_version=&#8221;4.22.2&#8243; _module_preset=&#8221;default&#8221; animation_style=&#8221;none&#8221; global_colors_info=&#8221;{}&#8221;]<\/p>\n<p>Vores morgenmad best\u00e5r som regel af:<\/p>\n<ul>\n<li>Kaffe &#8211; te &#8211;\u00a0 m\u00e6lk\u00a0&#8211;\u00a0\u00a0m\u00fcsli &#8211; havregryn &#8211;\u00a0 &#8211; flakes.<\/li>\n<li>Saft &#8211; \u00e6ble- og appelsinjuice.<\/li>\n<li>Hjemmebagte boller og rugbr\u00f8d.<\/li>\n<li>Sm\u00f8r &#8211; hjemmelavet marmelade.<\/li>\n<li>Anretning med forskellige slags oste og pynt.<\/li>\n<li>Anretning med slagterp\u00e5l\u00e6g og pynt.<\/li>\n<li>Anretning med skyr\/acido, syltet\u00a0frugt og granola.<\/li>\n<li>Lidt frugt.<\/li>\n<\/ul>\n<p>Morgenmaden tilbydes ogs\u00e5 vegansk:<\/p>\n<ul>\n<li>Kaffe, te.<\/li>\n<li>Hjemmebagte boller og rugbr\u00f8d<\/li>\n<li>Hjemmelavede marmelader, margarine, &#8220;Vegan Block&#8221;, &#8220;ost&#8221;, peanutbutter, humus og pynt.<\/li>\n<li>Havre-\/mandel m\u00e6lk, havregryn, flakes, m\u00fbsli.<\/li>\n<li>Juice og saft, frugt, b\u00e6r og n\u00f8dder.<\/li>\n<li>Anretning med koldh\u00e6vet cia\/havregr\u00f8d, frugt og granola.<\/li>\n<\/ul>\n<p>[\/et_pb_text][\/et_pb_column][\/et_pb_row][et_pb_row column_structure=&#8221;1_2,1_2&#8243; use_custom_gutter=&#8221;on&#8221; gutter_width=&#8221;2&#8243; _builder_version=&#8221;4.27.4&#8243; _module_preset=&#8221;ef2a0631-4f17-44ad-a3a9-9450734a1326&#8243; custom_margin=&#8221;|auto|45px|auto|false|false&#8221; custom_padding=&#8221;3px|||||&#8221; locked=&#8221;off&#8221; global_colors_info=&#8221;{}&#8221;][et_pb_column type=&#8221;1_2&#8243; _builder_version=&#8221;4.16&#8243; _module_preset=&#8221;default&#8221; animation_style=&#8221;slide&#8221; animation_direction=&#8221;left&#8221; animation_delay=&#8221;200ms&#8221; animation_intensity_slide=&#8221;25%&#8221; global_colors_info=&#8221;{}&#8221;][et_pb_text _builder_version=&#8221;4.24.0&#8243; _module_preset=&#8221;1775bb8e-3404-4d95-8d49-944d1577bf91&#8243; text_text_color=&#8221;#0e2159&#8243; text_orientation=&#8221;center&#8221; min_height=&#8221;1px&#8221; custom_padding=&#8221;||32px|||&#8221; animation_style=&#8221;none&#8221; global_colors_info=&#8221;{}&#8221;]<\/p>\n<h1 style=\"text-align: center;\"><strong>Andet information<\/strong><\/h1>\n<p>[\/et_pb_text][et_pb_text _builder_version=&#8221;4.22.2&#8243; _module_preset=&#8221;default&#8221; custom_margin=&#8221;0px||||false|false&#8221; custom_padding=&#8221;0px||||false|false&#8221; animation_style=&#8221;none&#8221; global_colors_info=&#8221;{}&#8221;]<\/p>\n<p>S\u00e5 meget som muligt er \u00f8kologisk og specielle \u00f8nsker fors\u00f8ges at opfyldes.<\/p>\n<p>Det er selvf\u00f8lgelig det samlede antal g\u00e6ster, der \u00f8nsker morgenmad, der afg\u00f8r om morgenmad kan (selv-)serveres. De andre overnattende t\u00e6ller\u00a0ogs\u00e5 med.<\/p>\n<p>Aftale om serveret eller selvserveret morgenmad skal gerne tr\u00e6ffes senest to dage f\u00f8r ankomst.<\/p>\n<p>Der vil v\u00e6re tidspunkter hvor det ikke er muligt at tilbyde serveret eller selvserveret morgenmad.&#8221;<\/p>\n<p>[\/et_pb_text][et_pb_button button_url=&#8221;#kontakt-popup&#8221; button_text=&#8221;SEND FORESP\u00d8RGSEL&#8221; button_alignment=&#8221;left&#8221; _builder_version=&#8221;4.24.0&#8243; custom_button=&#8221;on&#8221; button_text_size=&#8221;12px&#8221; button_text_color=&#8221;#fff8f6&#8243; button_bg_color=&#8221;#0e2159&#8243; button_border_color=&#8221;#0e2159&#8243; button_border_radius=&#8221;4px&#8221; button_font=&#8221;Ubuntu|700|||||||&#8221; button_icon=&#8221;&#x24;||divi||400&#8243; button_on_hover=&#8221;off&#8221; custom_margin=&#8221;36px||||false|false&#8221; custom_padding=&#8221;16px|43px|16px|29px|true|false&#8221; animation_direction=&#8221;bottom&#8221; locked=&#8221;off&#8221; global_colors_info=&#8221;{}&#8221; button_text_color__hover_enabled=&#8221;on|hover&#8221; button_text_color__hover=&#8221;#fff8f6&#8243; button_bg_color__hover_enabled=&#8221;on|desktop&#8221; button_bg_color__hover=&#8221;#214da6&#8243; button_bg_enable_color__hover=&#8221;on&#8221; button_border_color__hover_enabled=&#8221;on|hover&#8221; button_border_color__hover=&#8221;#214da6&#8243; button_letter_spacing__hover_enabled=&#8221;on|hover&#8221; button_letter_spacing__hover=&#8221;0px&#8221;][\/et_pb_button][\/et_pb_column][et_pb_column type=&#8221;1_2&#8243; _builder_version=&#8221;4.27.4&#8243; _module_preset=&#8221;default&#8221; background_image=&#8221;https:\/\/vestergaarden.com\/wp-content\/uploads\/2025\/10\/IMG_1041-min-scaled-e1761221490337.jpg&#8221; background_size=&#8221;contain&#8221; background_position=&#8221;top_center&#8221; animation_style=&#8221;fade&#8221; global_colors_info=&#8221;{}&#8221;][\/et_pb_column][\/et_pb_row][\/et_pb_section]<\/p>\n","protected":false},"excerpt":{"rendered":"<p>MorgenmadSe vores muligheder for morgenmadKaffe, te og morgenmadsprodukter SE MERESelvserviceret morgenmad SE MEREServeret morgenmad SE MEREForskellige former for morgenmad3 forskellige l\u00f8sninger1. Der forefindes kaffe, te og morgenmadsprodukter til fri afbenyttelse, og resten kan enten medbringes eller k\u00f8bes p\u00e5 den anden side af vejen i Superbrugsen, der har \u00e5bent hvert dag fra 07:00 &#8211; 19:00. Er indeholdt i prisen for overnatning 2. Selvserveret hvor jeg stiller madvarerne i k\u00f8leskabet og man selv anretter, laver kaffe, te og rydder af og vasker op efter sig.Minimum 2 personer! 85 kr. pr. person 3. Serveret, p\u00e5 et aftalt tidspunkt hvor jeg laver kaffe\/te, d\u00e6kker bord, anretter, rydder af og vasker op mm.Minimum 4 personer! 125 kr. pr. personMorgenmad p\u00e5 VestergaardenBed &amp; BreakfastVores morgenmad best\u00e5r som regel af: Kaffe &#8211; te &#8211;\u00a0 m\u00e6lk\u00a0&#8211;\u00a0\u00a0m\u00fcsli &#8211; havregryn &#8211;\u00a0 &#8211; flakes. Saft &#8211; \u00e6ble- og appelsinjuice. Hjemmebagte boller og rugbr\u00f8d. Sm\u00f8r &#8211; hjemmelavet marmelade. Anretning med forskellige slags oste og pynt. Anretning med slagterp\u00e5l\u00e6g og pynt. Anretning med skyr\/acido, syltet\u00a0frugt og granola. Lidt frugt. Morgenmaden tilbydes ogs\u00e5 vegansk: Kaffe, te. Hjemmebagte boller og rugbr\u00f8d Hjemmelavede marmelader, margarine, &#8220;Vegan Block&#8221;, &#8220;ost&#8221;, peanutbutter, humus og pynt. Havre-\/mandel m\u00e6lk, havregryn, flakes, m\u00fbsli. Juice og saft, frugt, b\u00e6r og n\u00f8dder. Anretning med [&hellip;]<\/p>\n","protected":false},"author":1,"featured_media":0,"parent":0,"menu_order":0,"comment_status":"closed","ping_status":"closed","template":"","meta":{"_et_pb_use_builder":"on","_et_pb_old_content":"","_et_gb_content_width":"","footnotes":""},"class_list":["post-23780","page","type-page","status-publish","hentry"],"_links":{"self":[{"href":"https:\/\/vestergaarden.com\/en\/wp-json\/wp\/v2\/pages\/23780","targetHints":{"allow":["GET"]}}],"collection":[{"href":"https:\/\/vestergaarden.com\/en\/wp-json\/wp\/v2\/pages"}],"about":[{"href":"https:\/\/vestergaarden.com\/en\/wp-json\/wp\/v2\/types\/page"}],"author":[{"embeddable":true,"href":"https:\/\/vestergaarden.com\/en\/wp-json\/wp\/v2\/users\/1"}],"replies":[{"embeddable":true,"href":"https:\/\/vestergaarden.com\/en\/wp-json\/wp\/v2\/comments?post=23780"}],"version-history":[{"count":13,"href":"https:\/\/vestergaarden.com\/en\/wp-json\/wp\/v2\/pages\/23780\/revisions"}],"predecessor-version":[{"id":51530,"href":"https:\/\/vestergaarden.com\/en\/wp-json\/wp\/v2\/pages\/23780\/revisions\/51530"}],"wp:attachment":[{"href":"https:\/\/vestergaarden.com\/en\/wp-json\/wp\/v2\/media?parent=23780"}],"curies":[{"name":"wp","href":"https:\/\/api.w.org\/{rel}","templated":true}]}}