{"id":23403,"date":"2021-11-08T08:26:40","date_gmt":"2021-11-08T08:26:40","guid":{"rendered":"https:\/\/vestergaarden.com\/?page_id=23403"},"modified":"2026-04-23T07:15:06","modified_gmt":"2026-04-23T07:15:06","slug":"vi-tilbyder","status":"publish","type":"page","link":"https:\/\/vestergaarden.com\/en\/vi-tilbyder\/","title":{"rendered":"We offer"},"content":{"rendered":"<p>[et_pb_section fb_built=&#8221;1&#8243; _builder_version=&#8221;4.27.4&#8243; background_enable_color=&#8221;off&#8221; background_enable_image=&#8221;off&#8221; background_size=&#8221;initial&#8221; background_repeat=&#8221;repeat&#8221; custom_padding=&#8221;150px||34px||false|false&#8221; da_disable_devices=&#8221;off|off|off&#8221; border_color_top=&#8221;#669933&#8243; global_colors_info=&#8221;{}&#8221; da_is_popup=&#8221;off&#8221; da_exit_intent=&#8221;off&#8221; da_has_close=&#8221;on&#8221; da_alt_close=&#8221;off&#8221; da_dark_close=&#8221;off&#8221; da_not_modal=&#8221;on&#8221; da_is_singular=&#8221;off&#8221; da_with_loader=&#8221;off&#8221; da_has_shadow=&#8221;on&#8221;][et_pb_row column_structure=&#8221;2_5,3_5&#8243; use_custom_gutter=&#8221;on&#8221; gutter_width=&#8221;2&#8243; make_equal=&#8221;on&#8221; _builder_version=&#8221;4.16&#8243; _module_preset=&#8221;default&#8221; width=&#8221;96%&#8221; width_tablet=&#8221;90%&#8221; width_phone=&#8221;90%&#8221; width_last_edited=&#8221;on|phone&#8221; max_width=&#8221;1300px&#8221; max_width_tablet=&#8221;90%&#8221; max_width_phone=&#8221;90%&#8221; max_width_last_edited=&#8221;on|tablet&#8221; custom_margin=&#8221;|auto|45px|auto|false|false&#8221; custom_padding=&#8221;0px|||||&#8221; global_colors_info=&#8221;{}&#8221;][et_pb_column type=&#8221;2_5&#8243; _builder_version=&#8221;4.16&#8243; _module_preset=&#8221;default&#8221; animation_style=&#8221;slide&#8221; animation_direction=&#8221;left&#8221; animation_delay=&#8221;200ms&#8221; animation_intensity_slide=&#8221;25%&#8221; global_colors_info=&#8221;{}&#8221;][et_pb_text _builder_version=&#8221;4.16&#8243; _module_preset=&#8221;d24f97e9-dc55-4b88-974a-50c38cc11ebf&#8221; animation_style=&#8221;none&#8221; global_colors_info=&#8221;{}&#8221;]<\/p>\n<h2>Partnerskab<\/h2>\n<p>[\/et_pb_text][et_pb_text _builder_version=&#8221;4.16&#8243; _module_preset=&#8221;1775bb8e-3404-4d95-8d49-944d1577bf91&#8243; text_text_color=&#8221;#0e2159&#8243; text_orientation=&#8221;center&#8221; animation_style=&#8221;none&#8221; global_colors_info=&#8221;{}&#8221;]<\/p>\n<p>Officiel Nationalpark Vadehavet partner<\/p>\n<p>[\/et_pb_text][et_pb_image src=&#8221;https:\/\/vestergaarden.com\/wp-content\/uploads\/2021\/11\/NPV-Officiel-partner-logo.png&#8221; title_text=&#8221;NPV Officiel partner logo&#8221; align=&#8221;center&#8221; _builder_version=&#8221;4.16&#8243; _module_preset=&#8221;default&#8221; width=&#8221;30%&#8221; global_colors_info=&#8221;{}&#8221;][\/et_pb_image][et_pb_text _builder_version=&#8221;4.27.4&#8243; _module_preset=&#8221;default&#8221; animation_style=&#8221;none&#8221; global_colors_info=&#8221;{}&#8221;]<\/p>\n<p>P\u00e5 Vestergaarden har vi over 15 \u00e5rs erfaring og har derved opn\u00e5et at blive officiel Nationalpark Partner samt et udbredt samarbejde med relevante og lokale virksomheder.<\/p>\n<p>[\/et_pb_text][\/et_pb_column][et_pb_column type=&#8221;3_5&#8243; _builder_version=&#8221;4.16&#8243; _module_preset=&#8221;default&#8221; background_image=&#8221;https:\/\/vestergaarden.com\/wp-content\/uploads\/2021\/11\/Klyde_Copyright_Lars_Gejl_-Nationalpark-Vadehavet-scaled.jpg&#8221; animation_style=&#8221;fade&#8221; global_colors_info=&#8221;{}&#8221;][et_pb_divider show_divider=&#8221;off&#8221; _builder_version=&#8221;4.27.4&#8243; _module_preset=&#8221;default&#8221; height=&#8221;250px&#8221; global_colors_info=&#8221;{}&#8221;][\/et_pb_divider][\/et_pb_column][\/et_pb_row][et_pb_row column_structure=&#8221;1_2,1_2&#8243; use_custom_gutter=&#8221;on&#8221; gutter_width=&#8221;2&#8243; make_equal=&#8221;on&#8221; _builder_version=&#8221;4.16&#8243; _module_preset=&#8221;default&#8221; width=&#8221;96%&#8221; width_tablet=&#8221;90%&#8221; width_phone=&#8221;90%&#8221; width_last_edited=&#8221;on|phone&#8221; max_width=&#8221;1300px&#8221; max_width_tablet=&#8221;90%&#8221; max_width_phone=&#8221;90%&#8221; max_width_last_edited=&#8221;on|tablet&#8221; custom_margin=&#8221;|auto|45px|auto|false|false&#8221; custom_padding=&#8221;0px|||||&#8221; locked=&#8221;off&#8221; global_colors_info=&#8221;{}&#8221;][et_pb_column type=&#8221;1_2&#8243; _builder_version=&#8221;4.16&#8243; _module_preset=&#8221;default&#8221; background_image=&#8221;https:\/\/vestergaarden.com\/wp-content\/uploads\/2021\/11\/MF13129-scaled.jpg&#8221; animation_style=&#8221;fade&#8221; global_colors_info=&#8221;{}&#8221;][et_pb_divider show_divider=&#8221;off&#8221; _builder_version=&#8221;4.27.4&#8243; _module_preset=&#8221;default&#8221; height=&#8221;250px&#8221; locked=&#8221;off&#8221; global_colors_info=&#8221;{}&#8221;][\/et_pb_divider][\/et_pb_column][et_pb_column type=&#8221;1_2&#8243; _builder_version=&#8221;4.16&#8243; _module_preset=&#8221;default&#8221; animation_style=&#8221;slide&#8221; animation_direction=&#8221;left&#8221; animation_delay=&#8221;200ms&#8221; animation_intensity_slide=&#8221;25%&#8221; global_colors_info=&#8221;{}&#8221;][et_pb_text _builder_version=&#8221;4.16&#8243; _module_preset=&#8221;d24f97e9-dc55-4b88-974a-50c38cc11ebf&#8221; animation_style=&#8221;none&#8221; global_colors_info=&#8221;{}&#8221;]<\/p>\n<h2>Vi Tilbyder<\/h2>\n<p>[\/et_pb_text][et_pb_text _builder_version=&#8221;4.27.4&#8243; _module_preset=&#8221;1775bb8e-3404-4d95-8d49-944d1577bf91&#8243; text_text_color=&#8221;#0e2159&#8243; text_orientation=&#8221;center&#8221; animation_style=&#8221;none&#8221; hover_enabled=&#8221;0&#8243; global_colors_info=&#8221;{}&#8221; sticky_enabled=&#8221;0&#8243;]<\/p>\n<p>Alt hvad hjertet beg\u00e6rer<\/p>\n<p>[\/et_pb_text][et_pb_text _builder_version=&#8221;4.27.4&#8243; _module_preset=&#8221;default&#8221; animation_style=&#8221;none&#8221; hover_enabled=&#8221;0&#8243; global_colors_info=&#8221;{}&#8221; sticky_enabled=&#8221;0&#8243;]<\/p>\n<p>Vores v\u00e6relser tilbyder overnatning med op til fem personer p\u00e5 et v\u00e6relse. Mange personer p\u00e5 dette v\u00e6relse er mest egnet til b\u00f8rnefamilier eller personer der kender hinanden rigtig godt.<\/p>\n<p>De andre v\u00e6relser er til to personer, der kan dog her opredes til en person mere. V\u00e6relserne byder p\u00e5 komfortable senge og charmerende f\u00e6llesomr\u00e5der i rolige omgivelser, dog stadig byn\u00e6rt og centralt placeret.<\/p>\n<p>Hele g\u00e6steafdelingen er nylig istandsat, med respekt for atmosf\u00e6ren i en gammel str\u00e5t\u00e6kt fan\u00f8g\u00e5rd fra 1840, hvilket ogs\u00e5 betyder der ikke er nogen trapper &#8211; alt er i \u00e9t plan. Faciliteterne er handicapvenlige, men har smalle d\u00f8r\u00e5bninger.<\/p>\n<p><span>Senget\u00f8j\u00a0og h\u00e5ndkl\u00e6der vasker vi selv og t\u00f8rrer i det fri p\u00e5 t\u00f8rresnor, hvis muligt, og der bruges kun allergivenlige\u00a0og parfumefri vaske- og reng\u00f8ringsmidler.<\/span><\/p>\n<p><span>Vores morgenmad er \u00f8kologisk med lokale og hjemmelavede produkter, enten anrettet og serveret eller udleveret i kurv.<\/span><\/p>\n<p>[\/et_pb_text][\/et_pb_column][\/et_pb_row][et_pb_row use_custom_gutter=&#8221;on&#8221; gutter_width=&#8221;2&#8243; make_equal=&#8221;on&#8221; _builder_version=&#8221;4.16&#8243; _module_preset=&#8221;default&#8221; width=&#8221;96%&#8221; width_tablet=&#8221;90%&#8221; width_phone=&#8221;90%&#8221; width_last_edited=&#8221;on|phone&#8221; max_width=&#8221;1300px&#8221; max_width_tablet=&#8221;90%&#8221; max_width_phone=&#8221;90%&#8221; max_width_last_edited=&#8221;on|tablet&#8221; custom_margin=&#8221;|auto|45px|auto|false|false&#8221; custom_padding=&#8221;0px|||||&#8221; global_colors_info=&#8221;{}&#8221;][et_pb_column type=&#8221;4_4&#8243; _builder_version=&#8221;4.16&#8243; _module_preset=&#8221;default&#8221; animation_style=&#8221;slide&#8221; animation_direction=&#8221;left&#8221; animation_delay=&#8221;200ms&#8221; animation_intensity_slide=&#8221;25%&#8221; global_colors_info=&#8221;{}&#8221;][et_pb_text _builder_version=&#8221;4.16&#8243; _module_preset=&#8221;d24f97e9-dc55-4b88-974a-50c38cc11ebf&#8221; animation_style=&#8221;none&#8221; header_2_font_size_tablet=&#8221;&#8221; header_2_font_size_phone=&#8221;25px&#8221; header_2_font_size_last_edited=&#8221;on|desktop&#8221; global_colors_info=&#8221;{}&#8221;]<\/p>\n<h2>Informationsmateriale<\/h2>\n<p>[\/et_pb_text][et_pb_text _builder_version=&#8221;4.16&#8243; _module_preset=&#8221;default&#8221; text_orientation=&#8221;center&#8221; width=&#8221;50%&#8221; width_tablet=&#8221;&#8221; width_phone=&#8221;100%&#8221; width_last_edited=&#8221;on|phone&#8221; max_width=&#8221;550px&#8221; module_alignment=&#8221;center&#8221; animation_style=&#8221;none&#8221; global_colors_info=&#8221;{}&#8221;]<\/p>\n<p>Der forefindes informationsmateriale om hvad der sker p\u00e5 \u00f8en og v\u00e6rten guider gerne med anbefalinger, stort kendskab til \u00f8en og dens befolkning, Stranden, Vesterhavet, Vadehavet og gode historier.<\/p>\n<p>Vi f\u00f8lger og videregiver de otte r\u00e5d om b\u00e6redygtig ferie p\u00e5 Fan\u00f8.<\/p>\n<p>[\/et_pb_text][dsm_button button_one_text=&#8221;VADEHAVSKYSTEN&#8221; button_one_url=&#8221;https:\/\/www.vadehavskysten.dk\/ribe-esbjerg-fano\/oplev-fanoe&#8221; button_two_text=&#8221;B\u00c6REDYGTIG FERIE&#8221; button_two_url=&#8221;https:\/\/www.vadehavskysten.dk\/ribe-esbjerg-fanoe\/oplev-fanoe\/baeredygtig-ferie-paa-fanoe&#8221; button_alignment=&#8221;center&#8221; _builder_version=&#8221;4.27.4&#8243; _module_preset=&#8221;default&#8221; custom_button_one=&#8221;on&#8221; button_one_text_size=&#8221;13px&#8221; button_one_text_color=&#8221;#FFF8F6&#8243; button_one_bg_color=&#8221;#0e2159&#8243; button_one_border_width=&#8221;0px&#8221; button_one_font=&#8221;Ubuntu|700|||||||&#8221; button_one_custom_padding=&#8221;13px|45px|13px|45px|true|true&#8221; custom_button_two=&#8221;on&#8221; button_two_text_size=&#8221;13px&#8221; button_two_text_color=&#8221;#FFF8F6&#8243; button_two_bg_color=&#8221;#0e2159&#8243; button_two_border_width=&#8221;0px&#8221; button_two_font=&#8221;Ubuntu|700|||||||&#8221; button_two_custom_margin_tablet=&#8221;&#8221; button_two_custom_margin_phone=&#8221;|||0px|false|false&#8221; button_two_custom_margin_last_edited=&#8221;on|phone&#8221; button_two_custom_padding=&#8221;13px|45px|13px|45px|true|true&#8221; global_colors_info=&#8221;{}&#8221; button_one_bg_color__hover_enabled=&#8221;on|desktop&#8221; button_two_bg_color__hover_enabled=&#8221;on|desktop&#8221; button_two_bg_color__hover=&#8221;#214da6&#8243; button_two_bg_enable_color__hover=&#8221;on&#8221; button_one_bg_color__hover=&#8221;#214da6&#8243; button_one_bg_enable_color__hover=&#8221;on&#8221;][\/dsm_button][\/et_pb_column][\/et_pb_row][\/et_pb_section]<\/p>\n","protected":false},"excerpt":{"rendered":"<p>PartnerskabOfficiel Nationalpark Vadehavet partnerP\u00e5 Vestergaarden har vi over 15 \u00e5rs erfaring og har derved opn\u00e5et at blive officiel Nationalpark Partner samt et udbredt samarbejde med relevante og lokale virksomheder.Vi TilbyderAlt hvad hjertet beg\u00e6rerVores v\u00e6relser tilbyder overnatning med op til fem personer p\u00e5 et v\u00e6relse. Mange personer p\u00e5 dette v\u00e6relse er mest egnet til b\u00f8rnefamilier eller personer der kender hinanden rigtig godt. De andre v\u00e6relser er til to personer, der kan dog her opredes til en person mere. V\u00e6relserne byder p\u00e5 komfortable senge og charmerende f\u00e6llesomr\u00e5der i rolige omgivelser, dog stadig byn\u00e6rt og centralt placeret. Hele g\u00e6steafdelingen er nylig istandsat, med respekt for atmosf\u00e6ren i en gammel str\u00e5t\u00e6kt fan\u00f8g\u00e5rd fra 1840, hvilket ogs\u00e5 betyder der ikke er nogen trapper &#8211; alt er i \u00e9t plan. Faciliteterne er handicapvenlige, men har smalle d\u00f8r\u00e5bninger. Senget\u00f8j\u00a0og h\u00e5ndkl\u00e6der vasker vi selv og t\u00f8rrer i det fri p\u00e5 t\u00f8rresnor, hvis muligt, og der bruges kun allergivenlige\u00a0og parfumefri vaske- og reng\u00f8ringsmidler. Vores morgenmad er \u00f8kologisk med lokale og hjemmelavede produkter, enten anrettet og serveret eller udleveret i kurv.InformationsmaterialeDer forefindes informationsmateriale om hvad der sker p\u00e5 \u00f8en og v\u00e6rten guider gerne med anbefalinger, stort kendskab til \u00f8en og dens befolkning, Stranden, Vesterhavet, Vadehavet og gode historier. Vi f\u00f8lger [&hellip;]<\/p>\n","protected":false},"author":1,"featured_media":0,"parent":0,"menu_order":0,"comment_status":"closed","ping_status":"closed","template":"","meta":{"_et_pb_use_builder":"on","_et_pb_old_content":"","_et_gb_content_width":"","footnotes":""},"class_list":["post-23403","page","type-page","status-publish","hentry"],"_links":{"self":[{"href":"https:\/\/vestergaarden.com\/en\/wp-json\/wp\/v2\/pages\/23403","targetHints":{"allow":["GET"]}}],"collection":[{"href":"https:\/\/vestergaarden.com\/en\/wp-json\/wp\/v2\/pages"}],"about":[{"href":"https:\/\/vestergaarden.com\/en\/wp-json\/wp\/v2\/types\/page"}],"author":[{"embeddable":true,"href":"https:\/\/vestergaarden.com\/en\/wp-json\/wp\/v2\/users\/1"}],"replies":[{"embeddable":true,"href":"https:\/\/vestergaarden.com\/en\/wp-json\/wp\/v2\/comments?post=23403"}],"version-history":[{"count":14,"href":"https:\/\/vestergaarden.com\/en\/wp-json\/wp\/v2\/pages\/23403\/revisions"}],"predecessor-version":[{"id":51540,"href":"https:\/\/vestergaarden.com\/en\/wp-json\/wp\/v2\/pages\/23403\/revisions\/51540"}],"wp:attachment":[{"href":"https:\/\/vestergaarden.com\/en\/wp-json\/wp\/v2\/media?parent=23403"}],"curies":[{"name":"wp","href":"https:\/\/api.w.org\/{rel}","templated":true}]}}